{"id":5558,"date":"2025-02-27T00:44:47","date_gmt":"2025-02-27T03:44:47","guid":{"rendered":"https:\/\/eltonitokazu.com\/?page_id=5558"},"modified":"2025-02-27T12:08:12","modified_gmt":"2025-02-27T15:08:12","slug":"elton-vsl","status":"publish","type":"page","link":"https:\/\/eltonitokazu.com\/","title":{"rendered":"Elton VSL"},"content":{"rendered":"\t\t<div data-elementor-type=\"wp-page\" data-elementor-id=\"5558\" class=\"elementor elementor-5558\" data-elementor-post-type=\"page\">\n\t\t\t\t\t\t<section class=\"elementor-section elementor-top-section elementor-element elementor-element-22b9a77 elementor-section-boxed elementor-section-height-default elementor-section-height-default\" data-id=\"22b9a77\" data-element_type=\"section\">\n\t\t\t\t\t\t<div class=\"elementor-container elementor-column-gap-default\">\n\t\t\t\t\t<div class=\"elementor-column elementor-col-100 elementor-top-column elementor-element elementor-element-0301d46\" data-id=\"0301d46\" data-element_type=\"column\">\n\t\t\t<div class=\"elementor-widget-wrap elementor-element-populated\">\n\t\t\t\t\t\t<div class=\"elementor-element elementor-element-b81eebe elementor-widget elementor-widget-html\" data-id=\"b81eebe\" data-element_type=\"widget\" data-widget_type=\"html.default\">\n\t\t\t\t<div class=\"elementor-widget-container\">\n\t\t\t\t\t<div id=\"vid_67bfe9e54ac01f6f7632c233\" style=\"position: relative; width: 100%; padding: 177.77777777777777% 0 0;\"> <img decoding=\"async\" id=\"thumb_67bfe9e54ac01f6f7632c233\" src=\"https:\/\/images.converteai.net\/4d02aa28-544f-40a0-a23a-f19ec285d926\/players\/67bfe9e54ac01f6f7632c233\/thumbnail.jpg\" style=\"position: absolute; top: 0; left: 0; width: 100%; height: 100%; object-fit: cover; display: block;\" alt=\"thumbnail\"> <div id=\"backdrop_67bfe9e54ac01f6f7632c233\" style=\" -webkit-backdrop-filter: blur(5px); backdrop-filter: blur(5px); position: absolute; top: 0; height: 100%; width: 100%; \"><\/div> <\/div> <script type=\"text\/javascript\" id=\"scr_67bfe9e54ac01f6f7632c233\"> var s=document.createElement(\"script\"); s.src=\"https:\/\/scripts.converteai.net\/4d02aa28-544f-40a0-a23a-f19ec285d926\/players\/67bfe9e54ac01f6f7632c233\/player.js\", s.async=!0,document.head.appendChild(s); <\/script>\t\t\t\t<\/div>\n\t\t\t\t<\/div>\n\t\t\t\t<div class=\"elementor-element elementor-element-f34e055 elementor-align-center elementor-invisible elementor-widget elementor-widget-button\" data-id=\"f34e055\" data-element_type=\"widget\" data-settings=\"{&quot;_animation&quot;:&quot;fadeIn&quot;,&quot;_animation_mobile&quot;:&quot;bounceIn&quot;,&quot;_animation_delay&quot;:1740000}\" data-widget_type=\"button.default\">\n\t\t\t\t<div class=\"elementor-widget-container\">\n\t\t\t\t\t\t\t\t\t<div class=\"elementor-button-wrapper\">\n\t\t\t\t\t<a class=\"elementor-button elementor-button-link elementor-size-sm\" href=\"https:\/\/pay.kiwify.com.br\/qvdMrL5?coupon=PASSOZERO\">\n\t\t\t\t\t\t<span class=\"elementor-button-content-wrapper\">\n\t\t\t\t\t\t\t\t\t<span class=\"elementor-button-text\">Garantir minha Vaga<\/span>\n\t\t\t\t\t<\/span>\n\t\t\t\t\t<\/a>\n\t\t\t\t<\/div>\n\t\t\t\t\t\t\t\t<\/div>\n\t\t\t\t<\/div>\n\t\t\t\t\t<\/div>\n\t\t<\/div>\n\t\t\t\t\t<\/div>\n\t\t<\/section>\n\t\t\t\t<section class=\"elementor-section elementor-top-section elementor-element elementor-element-1e00742e elementor-section-boxed elementor-section-height-default elementor-section-height-default\" data-id=\"1e00742e\" data-element_type=\"section\" data-settings=\"{&quot;background_background&quot;:&quot;classic&quot;}\">\n\t\t\t\t\t\t\t<div class=\"elementor-background-overlay\"><\/div>\n\t\t\t\t\t\t\t<div class=\"elementor-container elementor-column-gap-default\">\n\t\t\t\t\t<div class=\"elementor-column elementor-col-100 elementor-top-column elementor-element elementor-element-4f4c88e6\" data-id=\"4f4c88e6\" data-element_type=\"column\">\n\t\t\t<div class=\"elementor-widget-wrap elementor-element-populated\">\n\t\t\t\t\t\t<section class=\"elementor-section elementor-inner-section elementor-element elementor-element-1c79301f elementor-section-boxed elementor-section-height-default elementor-section-height-default\" data-id=\"1c79301f\" data-element_type=\"section\">\n\t\t\t\t\t\t<div class=\"elementor-container elementor-column-gap-default\">\n\t\t\t\t\t<div class=\"elementor-column elementor-col-100 elementor-inner-column elementor-element elementor-element-5ee9b9ef\" data-id=\"5ee9b9ef\" data-element_type=\"column\">\n\t\t\t<div class=\"elementor-widget-wrap elementor-element-populated\">\n\t\t\t\t\t\t<div class=\"elementor-element elementor-element-5a654b6d elementor-widget elementor-widget-text-editor\" data-id=\"5a654b6d\" data-element_type=\"widget\" data-widget_type=\"text-editor.default\">\n\t\t\t\t<div class=\"elementor-widget-container\">\n\t\t\t\t\t\t\t\t\t<p><strong><span style=\"color: #966143;\">PIRATARIA \u00c9 CRIME<\/span><\/strong><\/p><p>A venda do Programa de Mentoria o s\u00f3 pode ser realizada atrav\u00e9s deste site, registrado em nome de ELTON ITOKAZU. Qualquer outro site onde voc\u00ea encontre este programa \u00e9 uma FALSIFICA\u00c7\u00c3O e vai contra as leis. Evite falsifica\u00e7\u00f5es e recuse conte\u00fados ilegais ou pirateados. N\u00c3O adquira programas parecidos e que n\u00e3o possuam a qualidade de ensino que vai ajudar na sua jornada para o sucesso. N\u00e3o nos responsabilizamos por compras realizadas em outros sites.<\/p><p><span style=\"color: #966143;\">Copyright 2024 ELTON ITOKAZU<span style=\"color: #966143;\">\u00ae<\/span><\/span><\/p><p><span style=\"color: #966143;\">Todos os direitos reservados.<\/span><\/p>\t\t\t\t\t\t\t\t<\/div>\n\t\t\t\t<\/div>\n\t\t\t\t\t<\/div>\n\t\t<\/div>\n\t\t\t\t\t<\/div>\n\t\t<\/section>\n\t\t\t\t\t<\/div>\n\t\t<\/div>\n\t\t\t\t\t<\/div>\n\t\t<\/section>\n\t\t\t\t<\/div>\n\t\t","protected":false},"excerpt":{"rendered":"<p>Garantir minha Vaga PIRATARIA \u00c9 CRIME A venda do Programa de Mentoria o s\u00f3 pode ser realizada atrav\u00e9s deste site, registrado em nome de ELTON ITOKAZU. Qualquer outro site onde voc\u00ea encontre este programa \u00e9 uma FALSIFICA\u00c7\u00c3O e vai contra as leis. Evite falsifica\u00e7\u00f5es e recuse conte\u00fados ilegais ou pirateados. N\u00c3O adquira programas parecidos e [&hellip;]<\/p>\n","protected":false},"author":1,"featured_media":0,"parent":0,"menu_order":0,"comment_status":"closed","ping_status":"closed","template":"elementor_canvas","meta":{"footnotes":""},"class_list":["post-5558","page","type-page","status-publish","hentry"],"_links":{"self":[{"href":"https:\/\/eltonitokazu.com\/index.php?rest_route=\/wp\/v2\/pages\/5558","targetHints":{"allow":["GET"]}}],"collection":[{"href":"https:\/\/eltonitokazu.com\/index.php?rest_route=\/wp\/v2\/pages"}],"about":[{"href":"https:\/\/eltonitokazu.com\/index.php?rest_route=\/wp\/v2\/types\/page"}],"author":[{"embeddable":true,"href":"https:\/\/eltonitokazu.com\/index.php?rest_route=\/wp\/v2\/users\/1"}],"replies":[{"embeddable":true,"href":"https:\/\/eltonitokazu.com\/index.php?rest_route=%2Fwp%2Fv2%2Fcomments&post=5558"}],"version-history":[{"count":0,"href":"https:\/\/eltonitokazu.com\/index.php?rest_route=\/wp\/v2\/pages\/5558\/revisions"}],"wp:attachment":[{"href":"https:\/\/eltonitokazu.com\/index.php?rest_route=%2Fwp%2Fv2%2Fmedia&parent=5558"}],"curies":[{"name":"wp","href":"https:\/\/api.w.org\/{rel}","templated":true}]}}